{"id":566,"date":"2021-09-22T19:27:17","date_gmt":"2021-09-22T19:27:17","guid":{"rendered":"https:\/\/www.fd.uc.pt\/ijc\/?page_id=566"},"modified":"2025-02-03T20:33:26","modified_gmt":"2025-02-03T20:33:26","slug":"ficha-de-inscricao-v-jornadas-luso-brasileiras-de-responsabilidade-civil","status":"publish","type":"page","link":"https:\/\/ijc.fd.uc.pt\/?page_id=566","title":{"rendered":"Ficha de Inscri\u00e7\u00e3o &#8211; Confer\u00eancia Final \u00b7 Curso Breve em Direito da Intelig\u00eancia artificial"},"content":{"rendered":"<div id=\"pl-566\"  class=\"panel-layout\" ><div id=\"pg-566-0\"  class=\"panel-grid panel-has-style\" ><div data-overlay-opactity=\"1\" class=\"panel-row-style panel-row-style-for-566-0\" ><div id=\"pgc-566-0-0\"  class=\"panel-grid-cell\" ><div id=\"panel-566-0-0-0\" class=\"so-panel widget widget_themegrill_flash_image tg-widget tg-image-widget panel-first-child panel-last-child\" data-index=\"0\" ><div class=\"panel-widget-style panel-widget-style-for-566-0-0-0\" ><div class=\"tg-image-block\">\r\n\t\t\t<img decoding=\"async\" src=\"https:\/\/ijc.fd.uc.pt\/wp-content\/uploads\/2025\/02\/cartaz_7fev.jpg\" alt=\"\" \/>\r\n\t\t<\/div>\r\n<\/div><\/div><\/div><div id=\"pgc-566-0-1\"  class=\"panel-grid-cell\" ><div id=\"panel-566-0-1-0\" class=\"so-panel widget widget_text panel-first-child panel-last-child\" data-index=\"1\" >\t\t\t<div class=\"textwidget\">\n<\/div>\n\t\t<\/div><\/div><\/div><\/div><\/div>","protected":false},"excerpt":{"rendered":"","protected":false},"author":1,"featured_media":0,"parent":0,"menu_order":0,"comment_status":"closed","ping_status":"closed","template":"","meta":{"footnotes":""},"_links":{"self":[{"href":"https:\/\/ijc.fd.uc.pt\/index.php?rest_route=\/wp\/v2\/pages\/566"}],"collection":[{"href":"https:\/\/ijc.fd.uc.pt\/index.php?rest_route=\/wp\/v2\/pages"}],"about":[{"href":"https:\/\/ijc.fd.uc.pt\/index.php?rest_route=\/wp\/v2\/types\/page"}],"author":[{"embeddable":true,"href":"https:\/\/ijc.fd.uc.pt\/index.php?rest_route=\/wp\/v2\/users\/1"}],"replies":[{"embeddable":true,"href":"https:\/\/ijc.fd.uc.pt\/index.php?rest_route=%2Fwp%2Fv2%2Fcomments&post=566"}],"version-history":[{"count":45,"href":"https:\/\/ijc.fd.uc.pt\/index.php?rest_route=\/wp\/v2\/pages\/566\/revisions"}],"predecessor-version":[{"id":1069,"href":"https:\/\/ijc.fd.uc.pt\/index.php?rest_route=\/wp\/v2\/pages\/566\/revisions\/1069"}],"wp:attachment":[{"href":"https:\/\/ijc.fd.uc.pt\/index.php?rest_route=%2Fwp%2Fv2%2Fmedia&parent=566"}],"curies":[{"name":"wp","href":"https:\/\/api.w.org\/{rel}","templated":true}]}}