{"id":586,"date":"2021-10-14T19:56:43","date_gmt":"2021-10-14T19:56:43","guid":{"rendered":"https:\/\/www.fd.uc.pt\/ijc\/?page_id=586"},"modified":"2025-07-13T17:27:17","modified_gmt":"2025-07-13T17:27:17","slug":"ficha-de-inscricao","status":"publish","type":"page","link":"https:\/\/ijc.fd.uc.pt\/?page_id=586","title":{"rendered":"Ficha de Inscri\u00e7\u00e3o"},"content":{"rendered":"<div id=\"pl-586\"  class=\"panel-layout\" ><div id=\"pg-586-0\"  class=\"panel-grid panel-has-style\" ><div data-overlay-opactity=\"1\" class=\"panel-row-style panel-row-style-for-586-0\" ><div id=\"pgc-586-0-0\"  class=\"panel-grid-cell\" ><div id=\"panel-586-0-0-0\" class=\"so-panel widget widget_themegrill_flash_image tg-widget tg-image-widget panel-first-child panel-last-child\" data-index=\"0\" ><div class=\"tg-image-block\">\r\n\t\t\t<img decoding=\"async\" src=\"https:\/\/ijc.fd.uc.pt\/wp-content\/uploads\/2025\/07\/2025-Cartaz_2v-scaled.jpg\" alt=\"\" \/>\r\n\t\t<\/div>\r\n<\/div><\/div><div id=\"pgc-586-0-1\"  class=\"panel-grid-cell\" ><div id=\"panel-586-0-1-0\" class=\"so-panel widget widget_text panel-first-child panel-last-child\" data-index=\"1\" >\t\t\t<div class=\"textwidget\"><div class='fluentform ff-default fluentform_wrapper_10 ffs_default_wrap'><form data-form_id=\"10\" id=\"fluentform_10\" class=\"frm-fluent-form fluent_form_10 ff-el-form-top ff_form_instance_10_1 ff-form-loading ffs_default\" data-form_instance=\"ff_form_instance_10_1\" method=\"POST\" ><fieldset  style=\"border: none!important;margin: 0!important;padding: 0!important;background-color: transparent!important;box-shadow: none!important;outline: none!important; min-inline-size: 100%;\">\n                    <legend class=\"ff_screen_reader_title\" style=\"display: block; margin: 0!important;padding: 0!important;height: 0!important;text-indent: -999999px;width: 0!important;overflow:hidden;\">Curso de Especializa\u00e7\u00e3o . Direito da Comunica\u00e7\u00e3o<\/legend><input type='hidden' name='__fluent_form_embded_post_id' value='' \/><input type=\"hidden\" id=\"_fluentform_10_fluentformnonce\" name=\"_fluentform_10_fluentformnonce\" value=\"8347c41325\" \/><input type=\"hidden\" name=\"_wp_http_referer\" value=\"\/index.php?rest_route=%2Fwp%2Fv2%2Fpages%2F586\" \/><div data-type=\"name-element\" data-name=\"names\" class=\" ff-field_container ff-name-field-wrapper\" ><div class='ff-t-container'><div class='ff-t-cell '><div class='ff-el-group  ff-el-form-top'><div class=\"ff-el-input--label ff-el-is-required asterisk-right\"><label for='ff_10_names_first_name_' aria-label=\"Nome:\">Nome:<\/label><\/div><div class='ff-el-input--content'><input type=\"text\" name=\"names[first_name]\" id=\"ff_10_names_first_name_\" class=\"ff-el-form-control\" placeholder=\" \" aria-invalid=\"false\" aria-required=false><\/div><\/div><\/div><\/div><\/div><div class='ff-el-group'><div class=\"ff-el-input--label ff-el-is-required asterisk-right\"><label for='ff_10_input_text' aria-label=\"Profiss\u00e3o\">Profiss\u00e3o<\/label><\/div><div class='ff-el-input--content'><input type=\"text\" name=\"input_text\" class=\"ff-el-form-control\" data-name=\"input_text\" id=\"ff_10_input_text\"  aria-invalid=\"false\" aria-required=true><\/div><\/div><div class='ff-el-group'><div class=\"ff-el-input--label ff-el-is-required asterisk-right\"><label for='ff_10_email' aria-label=\"Email\">Email<\/label><\/div><div class='ff-el-input--content'><input type=\"email\" name=\"email\" id=\"ff_10_email\" class=\"ff-el-form-control\" placeholder=\" \" data-name=\"email\"  aria-invalid=\"false\" aria-required=true><\/div><\/div><div class='ff-el-group'><div class=\"ff-el-input--label ff-el-is-required asterisk-right\"><label for='ff_10_input_text_1' aria-label=\"Telefone\">Telefone<\/label><\/div><div class='ff-el-input--content'><input type=\"text\" name=\"input_text_1\" class=\"ff-el-form-control\" data-name=\"input_text_1\" id=\"ff_10_input_text_1\"  aria-invalid=\"false\" aria-required=true><\/div><\/div><div class='ff-el-group  ff-custom_html' data-name=\"custom_html-10_1\" ><hr>\n<\/div><div class='ff-el-group  ff-custom_html' data-name=\"custom_html-10_2\" ><p><strong>Propina de Frequ\u00eancia<\/strong>: 300 euros<\/p>\n<p>IBAN\u00a0 PT50 0035.0255.0020.1755.6300.2<\/p>\n<p>Enviar comprovativo de pagamento do certificado para <a href=\"mailto:ijc@fd.uc.pt\">ijc@fd.uc.pt<\/a><\/p><\/div><div data-type=\"name-element\" data-name=\"names_1\" class=\" ff-field_container ff-name-field-wrapper\" ><div class='ff-t-container'><div class='ff-t-cell '><div class='ff-el-group  ff-el-form-top'><div class=\"ff-el-input--label asterisk-right\"><label for='ff_10_names_1_first_name_' aria-label=\"Nome (Recibo)\">Nome (Recibo)<\/label><\/div><div class='ff-el-input--content'><input type=\"text\" name=\"names_1[first_name]\" id=\"ff_10_names_1_first_name_\" class=\"ff-el-form-control\" aria-invalid=\"false\" aria-required=false><\/div><\/div><\/div><\/div><\/div><div data-type=\"name-element\" data-name=\"morada_rec\" class=\" ff-field_container ff-name-field-wrapper\" ><div class='ff-t-container'><div class='ff-t-cell '><div class='ff-el-group  ff-el-form-top'><div class=\"ff-el-input--label asterisk-right\"><label for='ff_10_morada_rec_first_name_' aria-label=\"Morada (Recibo)\">Morada (Recibo)<\/label><\/div><div class='ff-el-input--content'><input type=\"text\" name=\"morada_rec[first_name]\" id=\"ff_10_morada_rec_first_name_\" class=\"ff-el-form-control\" aria-invalid=\"false\" aria-required=false><\/div><\/div><\/div><div class='ff-t-cell '><div class='ff-el-group  ff-el-form-top'><div class=\"ff-el-input--label asterisk-right\"><label for='ff_10_morada_rec_last_name_' aria-label=\"C\u00f3digo Postal\">C\u00f3digo Postal<\/label><\/div><div class='ff-el-input--content'><input type=\"text\" name=\"morada_rec[last_name]\" id=\"ff_10_morada_rec_last_name_\" class=\"ff-el-form-control\" aria-invalid=\"false\" aria-required=false><\/div><\/div><\/div><\/div><\/div><div data-type=\"name-element\" data-name=\"morada_rec_1\" class=\" ff-field_container ff-name-field-wrapper\" ><div class='ff-t-container'><div class='ff-t-cell '><div class='ff-el-group  ff-el-form-top'><div class=\"ff-el-input--label asterisk-right\"><label for='ff_10_morada_rec_1_first_name_' aria-label=\"NIF\">NIF<\/label><\/div><div class='ff-el-input--content'><input type=\"text\" name=\"morada_rec_1[first_name]\" id=\"ff_10_morada_rec_1_first_name_\" class=\"ff-el-form-control\" aria-invalid=\"false\" aria-required=false><\/div><\/div><\/div><\/div><\/div><div class='ff-el-group  ff-custom_html' data-name=\"custom_html-10_3\" ><hr>\n<\/div><div class='ff-el-group ff-el-form-top'><div class=\"ff-el-input--label asterisk-right\"><label  aria-label=\"Como teve conhecimento da realiza\u00e7\u00e3o do curso?\">Como teve conhecimento da realiza\u00e7\u00e3o do curso?<\/label><\/div><div class='ff-el-input--content'><div class='ff-el-form-check ff-el-form-check-'><label class='ff-el-form-check-label' for=input_radio_b95a2311608d3f704da5db3d34127359><input  type=\"radio\" name=\"input_radio\" data-name=\"input_radio\" class=\"ff-el-form-check-input ff-el-form-check-radio\" value=\"P\u00e1gina de Facebook do IJC\"  id='input_radio_b95a2311608d3f704da5db3d34127359' aria-label='P\u00e1gina de Facebook do IJC' aria-invalid='false' aria-required=false> <span>P\u00e1gina de Facebook do IJC<\/span><\/label><\/div><div class='ff-el-form-check ff-el-form-check-'><label class='ff-el-form-check-label' for=input_radio_bc6399aff2fe42ee42b318811893886b><input  type=\"radio\" name=\"input_radio\" data-name=\"input_radio\" class=\"ff-el-form-check-input ff-el-form-check-radio\" value=\"Site do IJC\"  id='input_radio_bc6399aff2fe42ee42b318811893886b' aria-label='Site do IJC' aria-invalid='false' aria-required=false> <span>Site do IJC<\/span><\/label><\/div><div class='ff-el-form-check ff-el-form-check-'><label class='ff-el-form-check-label' for=input_radio_6a0b02d35c8220fd1b7477ee01b113a3><input  type=\"radio\" name=\"input_radio\" data-name=\"input_radio\" class=\"ff-el-form-check-input ff-el-form-check-radio\" value=\"Cartazes na FDUC\"  id='input_radio_6a0b02d35c8220fd1b7477ee01b113a3' aria-label='Cartazes na FDUC' aria-invalid='false' aria-required=false> <span>Cartazes na FDUC<\/span><\/label><\/div><div class='ff-el-form-check ff-el-form-check-'><label class='ff-el-form-check-label' for=input_radio_c88bc9efea627b7320d779cb08220e01><input  type=\"radio\" name=\"input_radio\" data-name=\"input_radio\" class=\"ff-el-form-check-input ff-el-form-check-radio\" value=\"Divulga\u00e7\u00e3o e-mail\"  id='input_radio_c88bc9efea627b7320d779cb08220e01' aria-label='Divulga\u00e7\u00e3o e-mail' aria-invalid='false' aria-required=false> <span>Divulga\u00e7\u00e3o e-mail<\/span><\/label><\/div><\/div><\/div><div class='ff-el-group'><div class=\"ff-el-input--label ff-el-is-required asterisk-right\"><label  aria-label=\"Os dados pessoais recolhidos s\u00e3o armazenados numa base de dados em formato digital e de acesso exclusivo pelos\/as trabalhadores\/as do IJC a quem est\u00e3o atribu\u00eddas as fun\u00e7\u00f5es de registo e an\u00e1lise de inscri\u00e7\u00f5es, e em situa\u00e7\u00e3o alguma ser\u00e3o utilizados para outra finalidade que n\u00e3o seja aquela para a qual foi dada a autoriza\u00e7\u00e3o pelo seu titular, nem ser\u00e3o transmitidos a terceiros. Os dados pessoais podem ser utilizados sob a forma an\u00f3nima para efeitos de elabora\u00e7\u00e3o de relat\u00f3rios estat\u00edsticos da atividade formativa do IJC. O IJC garante ao\/\u00e0 titular dos dados pessoais os direitos conferidos pelo Regulamento Geral de Prote\u00e7\u00e3o de Dados (RGPD): direito de acesso, direito de retifica\u00e7\u00e3o, direito ao apagamento, direito \u00e0 limita\u00e7\u00e3o do tratamento, direito de portabilidade, direito de oposi\u00e7\u00e3o, direito a n\u00e3o ficar sujeito a decis\u00f5es individuais automatizadas e direito a retirar o seu consentimento. Os dados pessoais recolhidos s\u00e3o armazenados pelo per\u00edodo de tempo necess\u00e1rio ao cumprimento dos requisitos e procedimentos da atividade formativa, podendo ser utilizados posteriormente para efeitos de comunica\u00e7\u00e3o de atividades formativas do IJC. O tratamento dos dados pessoais para efeitos da inscri\u00e7\u00e3o para uma a\u00e7\u00e3o de forma\u00e7\u00e3o fundamenta-se na al. a) e b) do n\u00ba1 do artigo 6\u00ba RGPD.\">Os dados pessoais recolhidos s\u00e3o armazenados numa base de dados em formato digital e de acesso exclusivo pelos\/as trabalhadores\/as do IJC a quem est\u00e3o atribu\u00eddas as fun\u00e7\u00f5es de registo e an\u00e1lise de inscri\u00e7\u00f5es, e em situa\u00e7\u00e3o alguma ser\u00e3o utilizados para outra finalidade que n\u00e3o seja aquela para a qual foi dada a autoriza\u00e7\u00e3o pelo seu titular, nem ser\u00e3o transmitidos a terceiros. Os dados pessoais podem ser utilizados sob a forma an\u00f3nima para efeitos de elabora\u00e7\u00e3o de relat\u00f3rios estat\u00edsticos da atividade formativa do IJC. O IJC garante ao\/\u00e0 titular dos dados pessoais os direitos conferidos pelo Regulamento Geral de Prote\u00e7\u00e3o de Dados (RGPD): direito de acesso, direito de retifica\u00e7\u00e3o, direito ao apagamento, direito \u00e0 limita\u00e7\u00e3o do tratamento, direito de portabilidade, direito de oposi\u00e7\u00e3o, direito a n\u00e3o ficar sujeito a decis\u00f5es individuais automatizadas e direito a retirar o seu consentimento. Os dados pessoais recolhidos s\u00e3o armazenados pelo per\u00edodo de tempo necess\u00e1rio ao cumprimento dos requisitos e procedimentos da atividade formativa, podendo ser utilizados posteriormente para efeitos de comunica\u00e7\u00e3o de atividades formativas do IJC. O tratamento dos dados pessoais para efeitos da inscri\u00e7\u00e3o para uma a\u00e7\u00e3o de forma\u00e7\u00e3o fundamenta-se na al. a) e b) do n\u00ba1 do artigo 6\u00ba RGPD.<\/label><\/div><div class='ff-el-input--content'><div class='ff-el-form-check ff-el-form-check-'><label class='ff-el-form-check-label' for=input_radio_3_343aa0df6473145bae5aba8584f6cae5><input  type=\"radio\" name=\"input_radio_3\" data-name=\"input_radio_3\" class=\"ff-el-form-check-input ff-el-form-check-radio\" value=\"Tomei conhecimento e consinto o tratamento dos dados nos termos enunciados\"  id='input_radio_3_343aa0df6473145bae5aba8584f6cae5' aria-label='Tomei conhecimento e consinto o tratamento dos dados nos termos enunciados' aria-invalid='false' aria-required=true> <span>Tomei conhecimento e consinto o tratamento dos dados nos termos enunciados<\/span><\/label><\/div><\/div><\/div><div class='ff-el-group ff-text-left ff_submit_btn_wrapper'><button type=\"submit\" class=\"ff-btn ff-btn-submit ff-btn-md ff_btn_style\" >Enviar<\/button><\/div><\/fieldset><\/form><div id='fluentform_10_errors' class='ff-errors-in-stack ff_form_instance_10_1 ff-form-loading_errors ff_form_instance_10_1_errors'><\/div><\/div>        <script type=\"text\/javascript\">\n            window.fluent_form_ff_form_instance_10_1 = {\"id\":\"10\",\"settings\":{\"layout\":{\"labelPlacement\":\"top\",\"helpMessagePlacement\":\"with_label\",\"errorMessagePlacement\":\"inline\",\"asteriskPlacement\":\"asterisk-right\"},\"restrictions\":{\"denyEmptySubmission\":{\"enabled\":false}}},\"form_instance\":\"ff_form_instance_10_1\",\"form_id_selector\":\"fluentform_10\",\"rules\":{\"names[first_name]\":{\"required\":{\"value\":true,\"message\":\"Este campo \\u00e9 obrigat\\u00f3rio\"}},\"names[middle_name]\":{\"required\":{\"value\":false,\"message\":\"This field is required\"}},\"names[last_name]\":{\"required\":{\"value\":false,\"message\":\"This field is required\"}},\"input_text\":{\"required\":{\"value\":true,\"message\":\"This field is required\"}},\"email\":{\"required\":{\"value\":true,\"message\":\"Este campo \\u00e9 obrigat\\u00f3rio\"},\"email\":{\"value\":true,\"message\":\"This field must contain a valid email\"}},\"input_text_1\":{\"required\":{\"value\":true,\"message\":\"Este campo \\u00e9 obrigat\\u00f3rio\"}},\"names_1[first_name]\":{\"required\":{\"value\":false,\"message\":\"This field is required\"}},\"names_1[middle_name]\":{\"required\":{\"value\":false,\"message\":\"This field is required\"}},\"names_1[last_name]\":{\"required\":{\"value\":false,\"message\":\"This field is required\"}},\"morada_rec[first_name]\":{\"required\":{\"value\":false,\"message\":\"This field is required\"}},\"morada_rec[middle_name]\":{\"required\":{\"value\":false,\"message\":\"This field is required\"}},\"morada_rec[last_name]\":{\"required\":{\"value\":false,\"message\":\"This field is required\"}},\"morada_rec_1[first_name]\":{\"required\":{\"value\":false,\"message\":\"This field is required\"}},\"morada_rec_1[middle_name]\":{\"required\":{\"value\":false,\"message\":\"This field is required\"}},\"morada_rec_1[last_name]\":{\"required\":{\"value\":false,\"message\":\"This field is required\"}},\"input_radio\":{\"required\":{\"value\":false,\"message\":\"This field is required\"}},\"input_radio_3\":{\"required\":{\"value\":true,\"message\":\"This field is required\"}}}};\n                    <\/script>\n        \n<\/div>\n\t\t<\/div><\/div><\/div><\/div><\/div>","protected":false},"excerpt":{"rendered":"<p>Curso de Especializa\u00e7\u00e3o . Direito da Comunica\u00e7\u00e3oNome:Profiss\u00e3oEmailTelefone Propina de Frequ\u00eancia: 300 euros IBAN\u00a0 PT50 0035.0255.0020.1755.6300.2 Enviar comprovativo de pagamento do [&hellip;]<\/p>\n","protected":false},"author":1,"featured_media":0,"parent":0,"menu_order":0,"comment_status":"closed","ping_status":"closed","template":"","meta":{"footnotes":""},"_links":{"self":[{"href":"https:\/\/ijc.fd.uc.pt\/index.php?rest_route=\/wp\/v2\/pages\/586"}],"collection":[{"href":"https:\/\/ijc.fd.uc.pt\/index.php?rest_route=\/wp\/v2\/pages"}],"about":[{"href":"https:\/\/ijc.fd.uc.pt\/index.php?rest_route=\/wp\/v2\/types\/page"}],"author":[{"embeddable":true,"href":"https:\/\/ijc.fd.uc.pt\/index.php?rest_route=\/wp\/v2\/users\/1"}],"replies":[{"embeddable":true,"href":"https:\/\/ijc.fd.uc.pt\/index.php?rest_route=%2Fwp%2Fv2%2Fcomments&post=586"}],"version-history":[{"count":38,"href":"https:\/\/ijc.fd.uc.pt\/index.php?rest_route=\/wp\/v2\/pages\/586\/revisions"}],"predecessor-version":[{"id":1104,"href":"https:\/\/ijc.fd.uc.pt\/index.php?rest_route=\/wp\/v2\/pages\/586\/revisions\/1104"}],"wp:attachment":[{"href":"https:\/\/ijc.fd.uc.pt\/index.php?rest_route=%2Fwp%2Fv2%2Fmedia&parent=586"}],"curies":[{"name":"wp","href":"https:\/\/api.w.org\/{rel}","templated":true}]}}